{"id":1598,"date":"2023-09-25T21:03:24","date_gmt":"2023-09-25T19:03:24","guid":{"rendered":"https:\/\/almex-recycling.pl\/preislisten\/gorzow-wielkopolski\/preisliste-fur-buntmetalle\/"},"modified":"2023-11-16T12:24:53","modified_gmt":"2023-11-16T11:24:53","slug":"preisliste-fur-buntmetalle","status":"publish","type":"page","link":"https:\/\/almex-recycling.pl\/de\/preislisten\/gorzow-wielkopolski\/preisliste-fur-buntmetalle\/","title":{"rendered":"Preisliste f\u00fcr Buntmetalle"},"content":{"rendered":"<p><div class=\"et_d4_element et_pb_section et_pb_section_0 et_pb_section_parallax et_pb_with_background  et_pb_css_mix_blend_mode et_section_regular et_block_section\" >\n\t\t\t\t\n\t\t\t\t<span class=\"et_parallax_bg_wrap et-pb-parallax-wrapper\"><span\n\t\t\t\t\t\tclass=\"et_parallax_bg et_parallax_bg_phone et_parallax_bg_phone--et_pb_section_0\"\n\t\t\t\t\t\tstyle=\"background-image: url(https:\/\/almex-recycling.pl\/wp-content\/uploads\/2022\/12\/estate-planning-26.png);\"\n\t\t\t\t\t><\/span><\/span><span class=\"et_parallax_bg_wrap et-pb-parallax-wrapper\"><span\n\t\t\t\t\t\tclass=\"et_parallax_bg_phone_exist et_parallax_bg et_parallax_bg_tablet et_parallax_bg_tablet--et_pb_section_0\"\n\t\t\t\t\t\tstyle=\"background-image: url(https:\/\/almex-recycling.pl\/wp-content\/uploads\/2022\/12\/estate-planning-24.png);\"\n\t\t\t\t\t><\/span><\/span>\n\t\t\t\t\n\t\t\t\t\n\t\t\t\t\n\t\t\t\t\n\t\t\t\t<div class=\"et_d4_element et_pb_row et_pb_row_0 upper_row  et_pb_css_mix_blend_mode et_block_row\">\n\t\t\t\t<div class=\"et_d4_element et_pb_column_1_2 et_pb_column et_pb_column_0  et_pb_css_mix_blend_mode et_block_column\">\n\t\t\t\t\n\t\t\t\t\n\t\t\t\t\n\t\t\t\t\n\t\t\t\t<div class=\"et_pb_module et_d4_element et_pb_text et_pb_text_0  et_pb_text_align_left et_pb_bg_layout_light\">\n\t\t\t\t\n\t\t\t\t\n\t\t\t\t\n\t\t\t\t\n\t\t\t\t<div class=\"et_pb_text_inner\"><h1>Preisliste<\/h1>\n<h2>Gorz\u00f3w Wielkopolski<\/h2><\/div>\n\t\t\t<\/div>\n\t\t\t<\/div><div class=\"et_d4_element et_pb_column_1_2 et_pb_column et_pb_column_1  et_pb_css_mix_blend_mode et-last-child et_block_column et_pb_column_empty\">\n\t\t\t\t\n\t\t\t\t\n\t\t\t\t\n\t\t\t\t\n\t\t\t\t\n\t\t\t<\/div>\n\t\t\t\t\n\t\t\t\t\n\t\t\t\t\n\t\t\t\t\n\t\t\t<\/div>\n\t\t\t\t\n\t\t\t\t\n\t\t\t<\/div><div class=\"et_d4_element et_pb_section et_pb_section_1  et_pb_css_mix_blend_mode et_section_regular section_has_divider et_pb_top_divider et_block_section\" >\n\t\t\t\t<div class=\"et_pb_top_inside_divider et-no-transition\"><\/div>\n\t\t\t\t\n\t\t\t\t\n\t\t\t\t\n\t\t\t\t\n\t\t\t\t\n\t\t\t\t\n\t\t\t\t\n\t\t\t\t\n\t\t\t<\/div><div class=\"et_d4_element et_pb_section et_pb_section_2  et_pb_css_mix_blend_mode et_section_regular et_block_section\" >\n\t\t\t\t\n\t\t\t\t\n\t\t\t\t\n\t\t\t\t\n\t\t\t\t\n\t\t\t\t\n\t\t\t\t<div class=\"et_d4_element et_pb_row et_pb_row_1 et_pb_equal_columns  et_pb_css_mix_blend_mode et_block_row\">\n\t\t\t\t<div class=\"et_d4_element et_pb_column_1_3 et_pb_column et_pb_column_2  et_pb_css_mix_blend_mode et_block_column et_pb_column_empty\">\n\t\t\t\t\n\t\t\t\t\n\t\t\t\t\n\t\t\t\t\n\t\t\t\t\n\t\t\t<\/div><div class=\"et_d4_element et_pb_column_1_3 et_pb_column et_pb_column_3  et_pb_css_mix_blend_mode et_block_column et_pb_column_empty\">\n\t\t\t\t\n\t\t\t\t\n\t\t\t\t\n\t\t\t\t\n\t\t\t\t\n\t\t\t<\/div><div class=\"et_d4_element et_pb_column_1_3 et_pb_column et_pb_column_4  et_pb_css_mix_blend_mode et-last-child et_block_column et_pb_column_empty\">\n\t\t\t\t\n\t\t\t\t\n\t\t\t\t\n\t\t\t\t\n\t\t\t\t\n\t\t\t<\/div>\n\t\t\t\t\n\t\t\t\t\n\t\t\t\t\n\t\t\t\t\n\t\t\t<\/div><div class=\"et_d4_element et_pb_row et_pb_row_2 header-cennik et_pb_equal_columns  et_pb_css_mix_blend_mode et_block_row\">\n\t\t\t\t<div class=\"et_d4_element et_pb_column_1_3 et_pb_column et_pb_column_5  et_pb_css_mix_blend_mode et_block_column\">\n\t\t\t\t\n\t\t\t\t\n\t\t\t\t\n\t\t\t\t\n\t\t\t\t<div class=\"et_pb_module et_d4_element et_pb_image et_pb_image_0 cennik_logo\">\n\t\t\t\t\n\t\t\t\t\n\t\t\t\t\n\t\t\t\t\n\t\t\t\t<span class=\"et_pb_image_wrap \"><img loading=\"lazy\" decoding=\"async\" width=\"512\" height=\"511\" src=\"https:\/\/almex-recycling.pl\/wp-content\/uploads\/2023\/06\/Almex-LOGO.png\" alt=\"\" title=\"\" srcset=\"https:\/\/almex-recycling.pl\/wp-content\/uploads\/2023\/06\/Almex-LOGO.png 512w, https:\/\/almex-recycling.pl\/wp-content\/uploads\/2023\/06\/Almex-LOGO-480x479.png 480w\" sizes=\"(min-width: 0px) and (max-width: 480px) 480px, (min-width: 481px) 512px, 100vw\" class=\"wp-image-632\" \/><\/span>\n\t\t\t<\/div>\n\t\t\t<\/div><div class=\"et_d4_element et_pb_column_1_3 et_pb_column et_pb_column_6  et_pb_css_mix_blend_mode et_block_column\">\n\t\t\t\t\n\t\t\t\t\n\t\t\t\t\n\t\t\t\t\n\t\t\t\t<div class=\"et_pb_module et_d4_element et_pb_text et_pb_text_1 Cennik_subtitle  et_pb_text_align_left et_pb_bg_layout_light\">\n\t\t\t\t\n\t\t\t\t\n\t\t\t\t\n\t\t\t\t\n\t\t\t\t<div class=\"et_pb_text_inner\"><h1 style=\"text-align: center;\">PREISLISTE F\u00dcR BUNT\u00adMETALLE<\/h1>\n<h3 style=\"text-align: center;\">Gorz\u00f3w Wielkopolski<\/h3><\/div>\n\t\t\t<\/div>\n\t\t\t<\/div><div class=\"et_d4_element et_pb_column_1_3 et_pb_column et_pb_column_7  et_pb_css_mix_blend_mode et-last-child et_block_column\">\n\t\t\t\t\n\t\t\t\t\n\t\t\t\t\n\t\t\t\t\n\t\t\t\t<div class=\"et_pb_module et_d4_element et_pb_code et_pb_code_0 cennik_date_code_snippet\">\n\t\t\t\t\n\t\t\t\t\n\t\t\t\t\n\t\t\t\t\n\t\t\t\t<div class=\"et_pb_code_inner\"><p class=\"cennik_date_desc\">Der Preis gilt ab dem Tag<\/p>\n<p class=\"cennik_date\">30.03.2026<\/p>\n<p class=\"cennik_date_desc\">Die angegebenen Preise gelten netto pro kg<\/p>\n<\/div>\n\t\t\t<\/div>\n\t\t\t<\/div>\n\t\t\t\t\n\t\t\t\t\n\t\t\t\t\n\t\t\t\t\n\t\t\t<\/div><div class=\"et_d4_element et_pb_row et_pb_row_3  et_pb_css_mix_blend_mode et_block_row\">\n\t\t\t\t<div class=\"et_d4_element et_pb_column_4_4 et_pb_column et_pb_column_8  et_pb_css_mix_blend_mode et-last-child et_block_column\">\n\t\t\t\t\n\t\t\t\t\n\t\t\t\t\n\t\t\t\t\n\t\t\t\t<div class=\"et_pb_module et_d4_element et_pb_code et_pb_code_1\">\n\t\t\t\t\n\t\t\t\t\n\t\t\t\t\n\t\t\t\t\n\t\t\t\t<div class=\"et_pb_code_inner\"><div class='cennik_table_div'>\n<h2>KUPFERSCHROTT<\/h2>\n<table>\n<tr>\n<th class='col_indeks'>Index<\/th>\n<th class='col_name'>Sortiment<\/th>\n<th class='col_prize1'>Preis bis 100kg<\/th>\n<th class='col_prize2'>Preis ab 100kg<\/th>\n<\/tr>\n<tr>\n<td>3090<\/td>\n<td>Kupfer Millberry<\/td>\n<td>35,00<\/td>\n<td>35,20<\/td>\n<\/tr>\n<tr>\n<td>3091<\/td>\n<td>Kupferst\u00fccke<\/td>\n<td>32,00<\/td>\n<td>32,20<\/td>\n<\/tr>\n<tr>\n<td>3092<\/td>\n<td>Unsortiertes Kupfer<\/td>\n<td>31,00<\/td>\n<td>31,20<\/td>\n<\/tr>\n<tr>\n<td>3094<\/td>\n<td>Kupferkessel<\/td>\n<td>29,00<\/td>\n<td>29,20<\/td>\n<\/tr>\n<tr>\n<td>3142<\/td>\n<td>Anlasser,  Generator<\/td>\n<td>3,00<\/td>\n<td>3,20<\/td>\n<\/tr>\n<\/table>\n<\/div>\n<div class='cennik_table_div'>\n<h2>MESSING- UND BRONZESCHROTT<\/h2>\n<table>\n<tr>\n<th class='col_indeks'>Index<\/th>\n<th class='col_name'>Sortiment<\/th>\n<th class='col_prize1'>Preis bis 100kg<\/th>\n<th class='col_prize2'>Preis ab 100kg<\/th>\n<\/tr>\n<tr>\n<td>3111<\/td>\n<td>Gelbes Messing<\/td>\n<td>21,00<\/td>\n<td>21,20<\/td>\n<\/tr>\n<tr>\n<td>3112<\/td>\n<td>Rotmessing<\/td>\n<td>18,00<\/td>\n<td>18,20<\/td>\n<\/tr>\n<tr>\n<td>3114<\/td>\n<td>Messingk\u00fchler<\/td>\n<td>21,00<\/td>\n<td>21,20<\/td>\n<\/tr>\n<tr>\n<td>3116<\/td>\n<td>Messingsp\u00e4ne<\/td>\n<td>20,00<\/td>\n<td>20,20<\/td>\n<\/tr>\n<tr>\n<td>3060<\/td>\n<td>Gemischtes Messing<\/td>\n<td>26,00<\/td>\n<td>26,20<\/td>\n<\/tr>\n<\/table>\n<\/div>\n<div class='cennik_table_div'>\n<h2>ALUMINIUMSCHROTT<\/h2>\n<table>\n<tr>\n<th class='col_indeks'>Index<\/th>\n<th class='col_name'>Sortiment<\/th>\n<th class='col_prize1'>Preis bis 100kg<\/th>\n<th class='col_prize2'>Preis ab 100kg<\/th>\n<\/tr>\n<tr>\n<td>3000<\/td>\n<td>Aluminum Sector<\/td>\n<td>9,00<\/td>\n<td>9,20<\/td>\n<\/tr>\n<tr>\n<td>3001<\/td>\n<td>Aluminiumkabel<\/td>\n<td>8,70<\/td>\n<td>8,90<\/td>\n<\/tr>\n<tr>\n<td>3004<\/td>\n<td>Aluminiumfelgen<\/td>\n<td>8,00<\/td>\n<td>8,20<\/td>\n<\/tr>\n<tr>\n<td>3005<\/td>\n<td>Aluminium Wei\u00dfprofil<\/td>\n<td>8,00<\/td>\n<td>8,20<\/td>\n<\/tr>\n<tr>\n<td>3006<\/td>\n<td>Farbiges Aluminiumprofil<\/td>\n<td>7,50<\/td>\n<td>7,70<\/td>\n<\/tr>\n<tr>\n<td>3008<\/td>\n<td>Aluminium Dosenlasche<\/td>\n<td>6,00<\/td>\n<td>6,20<\/td>\n<\/tr>\n<tr>\n<td>3009<\/td>\n<td>Aluminiumguss<\/td>\n<td>6,00<\/td>\n<td>6,20<\/td>\n<\/tr>\n<tr>\n<td>3011<\/td>\n<td>Aluminium Kunststoff<\/td>\n<td>5,50<\/td>\n<td>5,70<\/td>\n<\/tr>\n<tr>\n<td>3013<\/td>\n<td>Aluminiumsp\u00e4ne<\/td>\n<td>3,00<\/td>\n<td>3,20<\/td>\n<\/tr>\n<tr>\n<td>3015<\/td>\n<td>Aluminium Jalousien<\/td>\n<td>2,00<\/td>\n<td>2,20<\/td>\n<\/tr>\n<tr>\n<td>3016<\/td>\n<td>Aluminium K\u00fchler<\/td>\n<td>4,50<\/td>\n<td>4,70<\/td>\n<\/tr>\n<tr>\n<td>3019<\/td>\n<td>Aluminium-Kupfer K\u00fchler<\/td>\n<td>17,00<\/td>\n<td>17,20<\/td>\n<\/tr>\n<tr>\n<td>3017<\/td>\n<td>Aluminiumdosen (-4% Verunreinigungen)<\/td>\n<td>4,00<\/td>\n<td>4,20<\/td>\n<\/tr>\n<\/table>\n<\/div>\n<div class='cennik_table_div'>\n<h2>SCHROTT AUS CHROM-NICKEL-STAHL<\/h2>\n<table>\n<tr>\n<th class='col_indeks'>Index<\/th>\n<th class='col_name'>Sortiment<\/th>\n<th class='col_prize1'>Preis bis 100kg<\/th>\n<th class='col_prize2'>Preis ab 100kg<\/th>\n<\/tr>\n<tr>\n<td>3210<\/td>\n<td>Chrom-Nickel H18N9 (nicht isoliert &#8211; 0,30 z\u0142)<\/td>\n<td>3,00<\/td>\n<td>3,20<\/td>\n<\/tr>\n<tr>\n<td>3212<\/td>\n<td>Chrom-Nickel T\u00f6pfe<\/td>\n<td>0,50<\/td>\n<td>0,70<\/td>\n<\/tr>\n<\/table>\n<\/div>\n<div class='cennik_table_div'>\n<h2>ZINK- UND BLEISCHROTT<\/h2>\n<table>\n<tr>\n<th class='col_indeks'>Index<\/th>\n<th class='col_name'>Sortiment<\/th>\n<th class='col_prize1'>Preis bis 100kg<\/th>\n<th class='col_prize2'>Preis ab 100kg<\/th>\n<\/tr>\n<tr>\n<td>3070<\/td>\n<td>Zinkblech<\/td>\n<td>5,40<\/td>\n<td>5,60<\/td>\n<\/tr>\n<tr>\n<td>3071<\/td>\n<td>Zinklegierung<\/td>\n<td>3,40<\/td>\n<td>3,60<\/td>\n<\/tr>\n<tr>\n<td>3130<\/td>\n<td>Bleitrocken<\/td>\n<td>4,30<\/td>\n<td>4,50<\/td>\n<\/tr>\n<tr>\n<td>3131<\/td>\n<td>Bleimix<\/td>\n<td>3,80<\/td>\n<td>4,00<\/td>\n<\/tr>\n<\/table>\n<\/div>\n<div class='cennik_table_div'>\n<h2>BATTERIESCHROTT<\/h2>\n<table>\n<tr>\n<th class='col_indeks'>Index<\/th>\n<th class='col_name'>Sortiment<\/th>\n<th class='col_prize1'>Preis bis 100kg<\/th>\n<th class='col_prize2'>Preis ab 100kg<\/th>\n<\/tr>\n<tr>\n<td>3050<\/td>\n<td>Blei-S\u00e4ure-Batterien (-2% nach Gewicht)<\/td>\n<td>1,35<\/td>\n<td>1,40<\/td>\n<\/tr>\n<\/table>\n<\/div>\n<\/div>\n\t\t\t<\/div><div class=\"et_pb_module et_d4_element et_pb_text et_pb_text_2  et_pb_text_align_left et_pb_bg_layout_light\">\n\t\t\t\t\n\t\t\t\t\n\t\t\t\t\n\t\t\t\t\n\t\t\t\t<div class=\"et_pb_text_inner\"><p>Bei regelm\u00e4\u00dfigen Lieferungen k\u00f6nnen die Preise verhandelt werden.<\/p><\/div>\n\t\t\t<\/div>\n\t\t\t<\/div>\n\t\t\t\t\n\t\t\t\t\n\t\t\t\t\n\t\t\t\t\n\t\t\t<\/div><div class=\"et_d4_element et_pb_row et_pb_row_4  et_pb_css_mix_blend_mode et_block_row\">\n\t\t\t\t<div class=\"et_d4_element et_pb_column_4_4 et_pb_column et_pb_column_9  et_pb_css_mix_blend_mode et-last-child et_block_column\">\n\t\t\t\t\n\t\t\t\t\n\t\t\t\t\n\t\t\t\t\n\t\t\t\t<div class=\"et_pb_button_module_wrapper et_pb_button_0_wrapper et_pb_button_alignment_center et_pb_module \">\n\t\t\t\t<a class=\"et_pb_button et_d4_element et_pb_button_0 et_pb_bg_layout_light et_block_module\" href=\"https:\/\/almex-recycling.pl\/cenniki\/gorzow-wielkopolski\/cennik-metali-kolorowych\/cennik-gw-kol-edycja\/\">Otw\u00f3rz edytor cennika<\/a>\n\t\t\t<\/div>\n\t\t\t<\/div>\n\t\t\t\t\n\t\t\t\t\n\t\t\t\t\n\t\t\t\t\n\t\t\t<\/div>\n\t\t\t\t\n\t\t\t\t\n\t\t\t<\/div><\/p>\n","protected":false},"excerpt":{"rendered":"","protected":false},"author":1,"featured_media":0,"parent":1596,"menu_order":0,"comment_status":"closed","ping_status":"closed","template":"","meta":{"_acf_changed":false,"_et_pb_use_builder":"on","_et_pb_old_content":"","_et_gb_content_width":"","footnotes":""},"class_list":["post-1598","page","type-page","status-publish","hentry"],"acf":[],"_links":{"self":[{"href":"https:\/\/almex-recycling.pl\/de\/wp-json\/wp\/v2\/pages\/1598","targetHints":{"allow":["GET"]}}],"collection":[{"href":"https:\/\/almex-recycling.pl\/de\/wp-json\/wp\/v2\/pages"}],"about":[{"href":"https:\/\/almex-recycling.pl\/de\/wp-json\/wp\/v2\/types\/page"}],"author":[{"embeddable":true,"href":"https:\/\/almex-recycling.pl\/de\/wp-json\/wp\/v2\/users\/1"}],"replies":[{"embeddable":true,"href":"https:\/\/almex-recycling.pl\/de\/wp-json\/wp\/v2\/comments?post=1598"}],"version-history":[{"count":1,"href":"https:\/\/almex-recycling.pl\/de\/wp-json\/wp\/v2\/pages\/1598\/revisions"}],"predecessor-version":[{"id":1599,"href":"https:\/\/almex-recycling.pl\/de\/wp-json\/wp\/v2\/pages\/1598\/revisions\/1599"}],"up":[{"embeddable":true,"href":"https:\/\/almex-recycling.pl\/de\/wp-json\/wp\/v2\/pages\/1596"}],"wp:attachment":[{"href":"https:\/\/almex-recycling.pl\/de\/wp-json\/wp\/v2\/media?parent=1598"}],"curies":[{"name":"wp","href":"https:\/\/api.w.org\/{rel}","templated":true}]}}