{"id":1637,"date":"2023-01-09T12:53:10","date_gmt":"2023-01-09T11:53:10","guid":{"rendered":"https:\/\/almex-recycling.pl\/handel\/"},"modified":"2023-12-04T22:38:04","modified_gmt":"2023-12-04T21:38:04","slug":"handel","status":"publish","type":"page","link":"https:\/\/almex-recycling.pl\/de\/handel\/","title":{"rendered":"Handel"},"content":{"rendered":"<p><div class=\"et_d4_element et_pb_section et_pb_section_0 et_pb_section_parallax et_pb_with_background  et_pb_css_mix_blend_mode et_section_regular section_has_divider et_pb_bottom_divider et_block_section\" >\n\t\t\t\t\n\t\t\t\t<span class=\"et_parallax_bg_wrap et-pb-parallax-wrapper\"><span\n\t\t\t\t\t\tclass=\"et_parallax_bg et_parallax_bg_phone et_parallax_bg_phone--et_pb_section_0\"\n\t\t\t\t\t\tstyle=\"background-image: url(https:\/\/almex-recycling.pl\/wp-content\/uploads\/2022\/12\/estate-planning-07.png);\"\n\t\t\t\t\t><\/span><\/span><span class=\"et_parallax_bg_wrap et-pb-parallax-wrapper\"><span\n\t\t\t\t\t\tclass=\"et_parallax_bg_phone_exist et_parallax_bg et_parallax_bg_tablet et_parallax_bg_tablet--et_pb_section_0\"\n\t\t\t\t\t\tstyle=\"background-image: url(https:\/\/almex-recycling.pl\/wp-content\/uploads\/2022\/12\/estate-planning-07.png);\"\n\t\t\t\t\t><\/span><\/span><span class=\"et_parallax_bg_wrap et-pb-parallax-wrapper\"><span\n\t\t\t\t\t\tclass=\"et_parallax_bg_phone_exist et_parallax_bg_tablet_exist et_parallax_bg et_parallax_bg--et_pb_section_0\"\n\t\t\t\t\t\tstyle=\"background-image: url(https:\/\/almex-recycling.pl\/wp-content\/uploads\/2022\/12\/estate-planning-07.png);\"\n\t\t\t\t\t><\/span><\/span>\n\t\t\t\t\n\t\t\t\t\n\t\t\t\t\n\t\t\t\t\n\t\t\t\t<div class=\"et_d4_element et_pb_row et_pb_row_0  et_pb_css_mix_blend_mode et_block_row\">\n\t\t\t\t<div class=\"et_d4_element et_pb_column_4_4 et_pb_column et_pb_column_0  et_pb_css_mix_blend_mode et-last-child et_block_column\">\n\t\t\t\t\n\t\t\t\t\n\t\t\t\t\n\t\t\t\t\n\t\t\t\t<div class=\"et_pb_module et_d4_element et_pb_text et_pb_text_0  et_pb_text_align_right et_pb_bg_layout_light\">\n\t\t\t\t\n\t\t\t\t\n\t\t\t\t\n\t\t\t\t\n\t\t\t\t<div class=\"et_pb_text_inner\"><p style=\"text-align: left;\">Pr\u00fcfen Sie unsere F\u00e4higkeiten<\/p><\/div>\n\t\t\t<\/div><div class=\"et_pb_module et_d4_element et_pb_text et_pb_text_1  et_pb_text_align_left et_pb_bg_layout_light\">\n\t\t\t\t\n\t\t\t\t\n\t\t\t\t\n\t\t\t\t\n\t\t\t\t<div class=\"et_pb_text_inner\"><p>Wir machen das f\u00fcr Sie<\/p><\/div>\n\t\t\t<\/div>\n\t\t\t<\/div>\n\t\t\t\t\n\t\t\t\t\n\t\t\t\t\n\t\t\t\t\n\t\t\t<\/div>\n\t\t\t\t\n\t\t\t\t<div class=\"et_pb_bottom_inside_divider et-no-transition\"><\/div>\n\t\t\t<\/div><div class=\"et_d4_element et_pb_section et_pb_section_1  et_pb_css_mix_blend_mode et_section_regular et_block_section\" >\n\t\t\t\t\n\t\t\t\t\n\t\t\t\t\n\t\t\t\t\n\t\t\t\t\n\t\t\t\t\n\t\t\t\t<div class=\"et_d4_element et_pb_row et_pb_row_1 two-col-mob two-col-tab et_pb_equal_columns  et_pb_css_mix_blend_mode et_block_row\">\n\t\t\t\t<div class=\"et_pb_with_border et_pb_column_1_2 et_d4_element et_pb_column et_pb_column_1  et_pb_css_mix_blend_mode et_block_column\">\n\t\t\t\t\n\t\t\t\t\n\t\t\t\t\n\t\t\t\t\n\t\t\t\t<div class=\"et_pb_with_border et_pb_module et_d4_element et_pb_text et_pb_text_2 et_clickable  et_pb_text_align_center et_pb_bg_layout_light\">\n\t\t\t\t\n\t\t\t\t\n\t\t\t\t\n\t\t\t\t\n\t\t\t\t<div class=\"et_pb_text_inner\"><h2 style=\"text-align: center;\">Stahlschrott<\/h2><\/div>\n\t\t\t<\/div><div class=\"et_pb_with_border et_pb_module et_d4_element et_pb_text et_pb_text_3 et_clickable  et_pb_text_align_center et_pb_bg_layout_light\">\n\t\t\t\t\n\t\t\t\t\n\t\t\t\t\n\t\t\t\t\n\t\t\t\t<div class=\"et_pb_text_inner\"><h2 style=\"text-align: center;\">Recycling von Schiffen<\/h2><\/div>\n\t\t\t<\/div><div class=\"et_pb_with_border et_pb_module et_d4_element et_pb_text et_pb_text_4 et_clickable  et_pb_text_align_center et_pb_bg_layout_light\">\n\t\t\t\t\n\t\t\t\t\n\t\t\t\t\n\t\t\t\t\n\t\t\t\t<div class=\"et_pb_text_inner\"><h2 style=\"text-align: center;\">Verkehr\/Logistik<\/h2><\/div>\n\t\t\t<\/div>\n\t\t\t<\/div><div class=\"et_d4_element et_pb_column_1_2 et_pb_column et_pb_column_2  et_pb_css_mix_blend_mode et-last-child et_block_column\">\n\t\t\t\t\n\t\t\t\t\n\t\t\t\t\n\t\t\t\t\n\t\t\t\t<div class=\"et_pb_with_border et_pb_module et_d4_element et_pb_text et_pb_text_5 et_clickable  et_pb_text_align_center et_pb_bg_layout_light\">\n\t\t\t\t\n\t\t\t\t\n\t\t\t\t\n\t\t\t\t\n\t\t\t\t<div class=\"et_pb_text_inner\"><h2 style=\"text-align: center;\">Nichteisen-Metallschrott<\/h2><\/div>\n\t\t\t<\/div><div class=\"et_pb_with_border et_pb_module et_d4_element et_pb_text et_pb_text_6 et_clickable  et_pb_text_align_center et_pb_bg_layout_light\">\n\t\t\t\t\n\t\t\t\t\n\t\t\t\t\n\t\t\t\t\n\t\t\t\t<div class=\"et_pb_text_inner\"><h2 style=\"text-align: center;\">Fahrzeugrecycling<\/h2><\/div>\n\t\t\t<\/div><div class=\"et_pb_with_border et_pb_module et_d4_element et_pb_text et_pb_text_7 et_clickable  et_pb_text_align_center et_pb_bg_layout_light\">\n\t\t\t\t\n\t\t\t\t\n\t\t\t\t\n\t\t\t\t\n\t\t\t\t<div class=\"et_pb_text_inner\"><h2 style=\"text-align: center;\">Demontage \/ Abriss<\/h2><\/div>\n\t\t\t<\/div>\n\t\t\t<\/div>\n\t\t\t\t\n\t\t\t\t\n\t\t\t\t\n\t\t\t\t\n\t\t\t<\/div>\n\t\t\t\t\n\t\t\t\t\n\t\t\t<\/div><div id=\"zlom_stalowy\" class=\"et_d4_element et_pb_section et_pb_section_2 et_pb_with_background et_pb_section_parallax  et_pb_css_mix_blend_mode et_section_regular et_block_section\" >\n\t\t\t\t\n\t\t\t\t\n\t\t\t\t\n\t\t\t\t\n\t\t\t\t\n\t\t\t\t\n\t\t\t\t<div class=\"et_d4_element et_pb_row et_pb_row_2  et_pb_css_mix_blend_mode et_block_row\">\n\t\t\t\t<div class=\"et_d4_element et_pb_column_1_2 et_pb_column et_pb_column_3  et_pb_css_mix_blend_mode et_block_column\">\n\t\t\t\t\n\t\t\t\t\n\t\t\t\t\n\t\t\t\t\n\t\t\t\t<div class=\"et_pb_module et_d4_element et_pb_text et_pb_text_8  et_pb_text_align_left et_pb_text_align_center-phone et_pb_bg_layout_light\">\n\t\t\t\t\n\t\t\t\t\n\t\t\t\t\n\t\t\t\t\n\t\t\t\t<div class=\"et_pb_text_inner\"><h2>Stahlschrott<\/h2><\/div>\n\t\t\t<\/div><div class=\"et_pb_module et_d4_element et_pb_text et_pb_text_9  et_pb_text_align_left et_pb_bg_layout_light\">\n\t\t\t\t\n\t\t\t\t\n\t\t\t\t\n\t\t\t\t\n\t\t\t\t<div class=\"et_pb_text_inner\"><p>Die R\u00fcckgewinnung oder das Einschmelzen von Stahl und Eisenmetallschrott ist der \u00e4lteste und effizienteste Prozess des Abfallrecyclings. Die Verwendung von Schrott sowohl im Prozess der Roheisenherstellung im Hochofen als auch im Prozess des Schmelzens von Schrott in Elektro\u00f6fen sch\u00fctzt Ressourcen und verhindert Umweltverschmutzung. Die Reduzierung der CO2-Emissionen wird durch das Recycling von Stahl und Eisenmetallschrott im Materialkreislauf erreicht, was gleichzeitig positiv zur Klimaschutzbem\u00fchungen beitr\u00e4gt.<\/p>\n<p>Wir kaufen nicht-gegossenen Stahlschrott, chargierten Stahlschrott, Gusseisen, Produktionsausschuss und Stahlsp\u00e4ne.<\/p><\/div>\n\t\t\t<\/div><div class=\"et_pb_module et_d4_element et_pb_divider et_pb_divider_0 et_pb_space\"><div class=\"et_pb_divider_internal\"><\/div><\/div>\n\t\t\t<\/div><div class=\"et_d4_element et_pb_column_1_2 et_pb_column et_pb_column_4  et_pb_css_mix_blend_mode et-last-child et_block_column\">\n\t\t\t\t\n\t\t\t\t\n\t\t\t\t\n\t\t\t\t\n\t\t\t\t<div class=\"et_pb_module et_d4_element et_pb_image et_pb_image_0\">\n\t\t\t\t\n\t\t\t\t\n\t\t\t\t\n\t\t\t\t\n\t\t\t\t<span class=\"et_pb_image_wrap \"><img loading=\"lazy\" decoding=\"async\" width=\"1920\" height=\"1440\" src=\"https:\/\/almex-recycling.pl\/wp-content\/uploads\/2023\/11\/Zlom-stalowy-1.jpg\" alt=\"\" title=\"Z\u0142om stalowy\" srcset=\"https:\/\/almex-recycling.pl\/wp-content\/uploads\/2023\/11\/Zlom-stalowy-1.jpg 1920w, https:\/\/almex-recycling.pl\/wp-content\/uploads\/2023\/11\/Zlom-stalowy-1-1280x960.jpg 1280w, https:\/\/almex-recycling.pl\/wp-content\/uploads\/2023\/11\/Zlom-stalowy-1-980x735.jpg 980w, https:\/\/almex-recycling.pl\/wp-content\/uploads\/2023\/11\/Zlom-stalowy-1-480x360.jpg 480w\" sizes=\"(min-width: 0px) and (max-width: 480px) 480px, (min-width: 481px) and (max-width: 980px) 980px, (min-width: 981px) and (max-width: 1280px) 1280px, (min-width: 1281px) 1920px, 100vw\" class=\"wp-image-1836\" \/><\/span>\n\t\t\t<\/div>\n\t\t\t<\/div>\n\t\t\t\t\n\t\t\t\t\n\t\t\t\t\n\t\t\t\t\n\t\t\t<\/div>\n\t\t\t\t\n\t\t\t\t\n\t\t\t<\/div><div id=\"zlom_metali_niezelaznych\" class=\"et_d4_element et_pb_section et_pb_section_3 et_pb_with_background  et_pb_css_mix_blend_mode et_section_regular et_block_section\" >\n\t\t\t\t\n\t\t\t\t\n\t\t\t\t\n\t\t\t\t\n\t\t\t\t\n\t\t\t\t\n\t\t\t\t<div class=\"et_d4_element et_pb_row et_pb_row_3  et_pb_css_mix_blend_mode et_block_row\">\n\t\t\t\t<div class=\"et_d4_element et_pb_column_4_4 et_pb_column et_pb_column_5  et_pb_css_mix_blend_mode et-last-child et_block_column\">\n\t\t\t\t\n\t\t\t\t\n\t\t\t\t\n\t\t\t\t\n\t\t\t\t<div id=\"zlom_metali_niezelaznych\" class=\"et_pb_module et_d4_element et_pb_text et_pb_text_10  et_pb_text_align_left et_pb_text_align_center-phone et_pb_bg_layout_light\">\n\t\t\t\t\n\t\t\t\t\n\t\t\t\t\n\t\t\t\t\n\t\t\t\t<div class=\"et_pb_text_inner\"><h2>Nichteisen-Metallschrott<\/h2><\/div>\n\t\t\t<\/div><div class=\"et_pb_module et_d4_element et_pb_text et_pb_text_11  et_pb_text_align_left et_pb_bg_layout_light\">\n\t\t\t\t\n\t\t\t\t\n\t\t\t\t\n\t\t\t\t\n\t\t\t\t<div class=\"et_pb_text_inner\"><p>Neben dem Einschmelzen von Eisen- und Stahlschrott wird auch das Recycling von Nichteisenmetallen durchgef\u00fchrt, wie Kupfer mit Messing- und Bronzelegierungen, Aluminium, Zink und Blei. In der Vergangenheit wurde ausschlie\u00dflich metallurgisches Recycling (Einschmelzen) angewendet. Im 21. Jahrhundert haben wir es mit komplexen Verbundmaterialien f\u00fcr leichte Konstruktionen zu tun, die sanft zerkleinert und sortiert werden, um den h\u00f6chstm\u00f6glichen Grad an Recycling und Ressourcenerhalt zu erreichen. Das spart wertvolle Energie und reduziert somit die CO2-Emissionen. Zum Beispiel wird f\u00fcr die Herstellung von sekund\u00e4rem Aluminium aus Aluminiumschrott nur 5% der Energie ben\u00f6tigt im Vergleich zur Produktion von Bauxit.<\/p>\n<p>Wir kaufen Nichteisenmetallschrott, wie Aluminium, Edelstahl, Messing, Bronze, Zinn, Blei, Batterien, ZnAI, und Kabel.<\/p><\/div>\n\t\t\t<\/div><div class=\"et_pb_module et_d4_element et_pb_divider et_pb_divider_1 et_pb_space\"><div class=\"et_pb_divider_internal\"><\/div><\/div>\n\t\t\t<\/div>\n\t\t\t\t\n\t\t\t\t\n\t\t\t\t\n\t\t\t\t\n\t\t\t<\/div>\n\t\t\t\t\n\t\t\t\t\n\t\t\t<\/div><div id=\"recykling_jednostek_plywajacych\" class=\"et_d4_element et_pb_section et_pb_section_4 et_pb_with_background et_pb_section_parallax  et_pb_css_mix_blend_mode et_section_regular et_block_section\" >\n\t\t\t\t\n\t\t\t\t\n\t\t\t\t\n\t\t\t\t\n\t\t\t\t\n\t\t\t\t\n\t\t\t\t<div id=\"recykling jednostek p\u0142ywaj\u0105cych  \" class=\"et_d4_element et_pb_row et_pb_row_4  et_pb_css_mix_blend_mode et_block_row\">\n\t\t\t\t<div class=\"et_d4_element et_pb_column_2_5 et_pb_column et_pb_column_6  et_pb_css_mix_blend_mode et_block_column\">\n\t\t\t\t\n\t\t\t\t\n\t\t\t\t\n\t\t\t\t\n\t\t\t\t<div class=\"et_pb_module et_d4_element et_pb_image et_pb_image_1\">\n\t\t\t\t\n\t\t\t\t\n\t\t\t\t\n\t\t\t\t\n\t\t\t\t<span class=\"et_pb_image_wrap \"><img loading=\"lazy\" decoding=\"async\" width=\"2560\" height=\"1689\" src=\"https:\/\/almex-recycling.pl\/wp-content\/uploads\/2023\/11\/Recykling-jednostek-plywajacych-scaled.jpg\" alt=\"\" title=\"Recykling jednostek p\u0142ywaj\u0105cych\" srcset=\"https:\/\/almex-recycling.pl\/wp-content\/uploads\/2023\/11\/Recykling-jednostek-plywajacych-scaled.jpg 2560w, https:\/\/almex-recycling.pl\/wp-content\/uploads\/2023\/11\/Recykling-jednostek-plywajacych-1280x845.jpg 1280w, https:\/\/almex-recycling.pl\/wp-content\/uploads\/2023\/11\/Recykling-jednostek-plywajacych-980x647.jpg 980w, https:\/\/almex-recycling.pl\/wp-content\/uploads\/2023\/11\/Recykling-jednostek-plywajacych-480x317.jpg 480w\" sizes=\"(min-width: 0px) and (max-width: 480px) 480px, (min-width: 481px) and (max-width: 980px) 980px, (min-width: 981px) and (max-width: 1280px) 1280px, (min-width: 1281px) 2560px, 100vw\" class=\"wp-image-1839\" \/><\/span>\n\t\t\t<\/div>\n\t\t\t<\/div><div class=\"et_d4_element et_pb_column_3_5 et_pb_column et_pb_column_7  et_pb_css_mix_blend_mode et-last-child et_block_column\">\n\t\t\t\t\n\t\t\t\t\n\t\t\t\t\n\t\t\t\t\n\t\t\t\t<div class=\"et_pb_module et_d4_element et_pb_text et_pb_text_12  et_pb_text_align_left et_pb_text_align_center-phone et_pb_bg_layout_light\">\n\t\t\t\t\n\t\t\t\t\n\t\t\t\t\n\t\t\t\t\n\t\t\t\t<div class=\"et_pb_text_inner\"><h2>Recycling von schwimmenden Einheiten<\/h2><\/div>\n\t\t\t<\/div><div id=\"z\u0142om metali niezale\u017cnych\" class=\"et_pb_module et_d4_element et_pb_text et_pb_text_13  et_pb_text_align_left et_pb_bg_layout_light\">\n\t\t\t\t\n\t\t\t\t\n\t\t\t\t\n\t\t\t\t\n\t\t\t\t<div class=\"et_pb_text_inner\"><p style=\"text-align: justify;\"><span>Unsere Firma hat sich seit vielen Jahren auf die Verschrottung von schwimmenden Einheiten spezialisiert. Dank unserem hochqualifizierten Personal konnten wir erfolgreich viele uns \u00fcbertragene Aufgaben umsetzen. Verschrotten unterschiedlicher Arten von schwimmenden Einheiten, wie Motorbarken, Schubschiffe, Fischkutter, Schiffe, Jachten, geschobene Barken, schwimmende Kr\u00e4ne, Pontons, usw.<\/span><\/p><\/div>\n\t\t\t<\/div>\n\t\t\t<\/div>\n\t\t\t\t\n\t\t\t\t\n\t\t\t\t\n\t\t\t\t\n\t\t\t<\/div>\n\t\t\t\t\n\t\t\t\t\n\t\t\t<\/div><div id=\"recykling_pojazdow\" class=\"et_d4_element et_pb_section et_pb_section_5 et_pb_with_background  et_pb_css_mix_blend_mode et_section_regular et_block_section\" >\n\t\t\t\t\n\t\t\t\t\n\t\t\t\t\n\t\t\t\t\n\t\t\t\t\n\t\t\t\t\n\t\t\t\t<div id=\"recykling jednostek p\u0142ywaj\u0105cych  \" class=\"et_d4_element et_pb_row et_pb_row_5  et_pb_css_mix_blend_mode et_block_row\">\n\t\t\t\t<div class=\"et_d4_element et_pb_column_3_5 et_pb_column et_pb_column_8  et_pb_css_mix_blend_mode et_block_column\">\n\t\t\t\t\n\t\t\t\t\n\t\t\t\t\n\t\t\t\t\n\t\t\t\t<div class=\"et_pb_module et_d4_element et_pb_divider et_pb_divider_2 et_pb_space\"><div class=\"et_pb_divider_internal\"><\/div><\/div><div class=\"et_pb_module et_d4_element et_pb_text et_pb_text_14  et_pb_text_align_left et_pb_text_align_center-phone et_pb_bg_layout_light\">\n\t\t\t\t\n\t\t\t\t\n\t\t\t\t\n\t\t\t\t\n\t\t\t\t<div class=\"et_pb_text_inner\"><h2>Fahrzeugrecycling<\/h2><\/div>\n\t\t\t<\/div><div id=\"z\u0142om metali niezale\u017cnych\" class=\"et_pb_module et_d4_element et_pb_text et_pb_text_15  et_pb_text_align_left et_pb_bg_layout_light\">\n\t\t\t\t\n\t\t\t\t\n\t\t\t\t\n\t\t\t\t\n\t\t\t\t<div class=\"et_pb_text_inner\"><p>Wir verf\u00fcgen \u00fcber alle notwendigen Genehmigungen und Erlaubnisse, die es uns erm\u00f6glichen, eine Demontagestation f\u00fcr au\u00dfer Betrieb genommene Fahrzeuge zu betreiben. Beim Verkauf Ihres Autos an uns erhalten Sie eine Bescheinigung, die Ihnen erm\u00f6glicht, es bei der Verkehrsbeh\u00f6rde abzumelden.<\/p>\n<p>Um eine Bescheinigung \u00fcber die Demontage zu erhalten, ist es erforderlich, folgende Unterlagen vorzulegen:<\/p>\n<ul>\n<li>Fahrzeugbrief,<\/li>\n<li>Fahrzeugschein (sofern ausgestellt),<\/li>\n<li>Die Anwesenheit des Eigent\u00fcmers zusammen mit einem Ausweisdokument ist erforderlich.<\/li>\n<\/ul>\n<ul><\/ul><\/div>\n\t\t\t<\/div>\n\t\t\t<\/div><div class=\"et_d4_element et_pb_column_2_5 et_pb_column et_pb_column_9  et_pb_css_mix_blend_mode et-last-child et_block_column\">\n\t\t\t\t\n\t\t\t\t\n\t\t\t\t\n\t\t\t\t\n\t\t\t\t<div class=\"et_pb_module et_d4_element et_pb_image et_pb_image_2\">\n\t\t\t\t\n\t\t\t\t\n\t\t\t\t\n\t\t\t\t\n\t\t\t\t<span class=\"et_pb_image_wrap \"><img loading=\"lazy\" decoding=\"async\" width=\"2560\" height=\"1780\" src=\"https:\/\/almex-recycling.pl\/wp-content\/uploads\/2023\/11\/Kasacja-pojazdow-scaled.jpg\" alt=\"\" title=\"Kasacja pojazd\u00f3w\" srcset=\"https:\/\/almex-recycling.pl\/wp-content\/uploads\/2023\/11\/Kasacja-pojazdow-scaled.jpg 2560w, https:\/\/almex-recycling.pl\/wp-content\/uploads\/2023\/11\/Kasacja-pojazdow-1280x890.jpg 1280w, https:\/\/almex-recycling.pl\/wp-content\/uploads\/2023\/11\/Kasacja-pojazdow-980x681.jpg 980w, https:\/\/almex-recycling.pl\/wp-content\/uploads\/2023\/11\/Kasacja-pojazdow-480x334.jpg 480w\" sizes=\"(min-width: 0px) and (max-width: 480px) 480px, (min-width: 481px) and (max-width: 980px) 980px, (min-width: 981px) and (max-width: 1280px) 1280px, (min-width: 1281px) 2560px, 100vw\" class=\"wp-image-1843\" \/><\/span>\n\t\t\t<\/div>\n\t\t\t<\/div>\n\t\t\t\t\n\t\t\t\t\n\t\t\t\t\n\t\t\t\t\n\t\t\t<\/div>\n\t\t\t\t\n\t\t\t\t\n\t\t\t<\/div><div id=\"transport_logistyka\" class=\"et_d4_element et_pb_section et_pb_section_6 et_pb_with_background et_pb_section_parallax  et_pb_css_mix_blend_mode et_section_regular et_block_section\" >\n\t\t\t\t\n\t\t\t\t\n\t\t\t\t\n\t\t\t\t\n\t\t\t\t\n\t\t\t\t\n\t\t\t\t<div id=\"recykling jednostek p\u0142ywaj\u0105cych  \" class=\"et_d4_element et_pb_row et_pb_row_6  et_pb_css_mix_blend_mode et_block_row\">\n\t\t\t\t<div class=\"et_d4_element et_pb_column_2_5 et_pb_column et_pb_column_10  et_pb_css_mix_blend_mode et_block_column\">\n\t\t\t\t\n\t\t\t\t\n\t\t\t\t\n\t\t\t\t\n\t\t\t\t<div class=\"et_pb_module et_d4_element et_pb_image et_pb_image_3\">\n\t\t\t\t\n\t\t\t\t\n\t\t\t\t\n\t\t\t\t\n\t\t\t\t<span class=\"et_pb_image_wrap \"><img loading=\"lazy\" decoding=\"async\" width=\"2560\" height=\"1534\" src=\"https:\/\/almex-recycling.pl\/wp-content\/uploads\/2023\/11\/Transport-Logistyka-scaled.jpg\" alt=\"\" title=\"Transport Logistyka\" srcset=\"https:\/\/almex-recycling.pl\/wp-content\/uploads\/2023\/11\/Transport-Logistyka-scaled.jpg 2560w, https:\/\/almex-recycling.pl\/wp-content\/uploads\/2023\/11\/Transport-Logistyka-1280x767.jpg 1280w, https:\/\/almex-recycling.pl\/wp-content\/uploads\/2023\/11\/Transport-Logistyka-980x587.jpg 980w, https:\/\/almex-recycling.pl\/wp-content\/uploads\/2023\/11\/Transport-Logistyka-480x288.jpg 480w\" sizes=\"(min-width: 0px) and (max-width: 480px) 480px, (min-width: 481px) and (max-width: 980px) 980px, (min-width: 981px) and (max-width: 1280px) 1280px, (min-width: 1281px) 2560px, 100vw\" class=\"wp-image-1846\" \/><\/span>\n\t\t\t<\/div>\n\t\t\t<\/div><div class=\"et_d4_element et_pb_column_3_5 et_pb_column et_pb_column_11  et_pb_css_mix_blend_mode et-last-child et_block_column\">\n\t\t\t\t\n\t\t\t\t\n\t\t\t\t\n\t\t\t\t\n\t\t\t\t<div class=\"et_pb_module et_d4_element et_pb_divider et_pb_divider_3 et_pb_space\"><div class=\"et_pb_divider_internal\"><\/div><\/div><div class=\"et_pb_module et_d4_element et_pb_text et_pb_text_16  et_pb_text_align_left et_pb_text_align_center-phone et_pb_bg_layout_light\">\n\t\t\t\t\n\t\t\t\t\n\t\t\t\t\n\t\t\t\t\n\t\t\t\t<div class=\"et_pb_text_inner\"><h2>Verkehr\/Logistik<\/h2><\/div>\n\t\t\t<\/div><div id=\"transport\" class=\"et_pb_module et_d4_element et_pb_text et_pb_text_17  et_pb_text_align_left et_pb_bg_layout_light\">\n\t\t\t\t\n\t\t\t\t\n\t\t\t\t\n\t\t\t\t\n\t\t\t\t<div class=\"et_pb_text_inner\"><p font-size=\"\" style=\"text-align: justify;\" :x-large=\"\"><span>F\u00fcr den Transport von Eisen- und Nichteisenmetallen nutzen wir sowohl unsere eigene Fahrzeugflotte als auch arbeiten wir mit ausgew\u00e4hlten Subunternehmern zusammen. Durch verschiedene Fahrzeugtypen k\u00f6nnen wir unseren Kunden vielf\u00e4ltige Logistikdienstleistungen anbieten und L\u00f6sungen liefern, die auf ihre individuellen Bed\u00fcrfnisse zugeschnitten sind. Wir verf\u00fcgen \u00fcber Fahrzeuge vom Typ \"Hakowiec\" sowie \u00fcber Fahrzeuge mit Ladekran (HDS).<\/span><\/p><\/div>\n\t\t\t<\/div><div class=\"et_pb_module et_d4_element et_pb_divider et_pb_divider_4 et_pb_space\"><div class=\"et_pb_divider_internal\"><\/div><\/div>\n\t\t\t<\/div>\n\t\t\t\t\n\t\t\t\t\n\t\t\t\t\n\t\t\t\t\n\t\t\t<\/div>\n\t\t\t\t\n\t\t\t\t\n\t\t\t<\/div><div id=\"demontaze_rozbiorki\" class=\"et_d4_element et_pb_section et_pb_section_7 et_pb_with_background et_pb_section_parallax  et_pb_css_mix_blend_mode et_section_regular et_block_section\" >\n\t\t\t\t\n\t\t\t\t\n\t\t\t\t\n\t\t\t\t\n\t\t\t\t\n\t\t\t\t\n\t\t\t\t<div id=\"recykling jednostek p\u0142ywaj\u0105cych  \" class=\"et_d4_element et_pb_row et_pb_row_7  et_pb_css_mix_blend_mode et_block_row\">\n\t\t\t\t<div class=\"et_d4_element et_pb_column_3_5 et_pb_column et_pb_column_12  et_pb_css_mix_blend_mode et_block_column\">\n\t\t\t\t\n\t\t\t\t\n\t\t\t\t\n\t\t\t\t\n\t\t\t\t<div class=\"et_pb_module et_d4_element et_pb_text et_pb_text_18  et_pb_text_align_left et_pb_text_align_center-phone et_pb_bg_layout_light\">\n\t\t\t\t\n\t\t\t\t\n\t\t\t\t\n\t\t\t\t\n\t\t\t\t<div class=\"et_pb_text_inner\"><h2>Demontage \/ Abriss<\/h2><\/div>\n\t\t\t<\/div><div id=\"transport\" class=\"et_pb_module et_d4_element et_pb_text et_pb_text_19  et_pb_text_align_left et_pb_bg_layout_light\">\n\t\t\t\t\n\t\t\t\t\n\t\t\t\t\n\t\t\t\t\n\t\t\t\t<div class=\"et_pb_text_inner\"><p style=\"text-align: justify;\"><span>Ben\u00f6tigen Sie zus\u00e4tzlichen Raum in Ihren Produktionshallen? Erfordern neue Investitionen den Abbau alter Anlagen oder nicht genutzter Produktionsfl\u00e4chen? Wir bieten umfassende Dienstleistungen f\u00fcr den Abbau und die Liquidation kompletter Produktionslinien an. Wir verf\u00fcgen \u00fcber gut ausgebildetes Personal und arbeiten mit Unternehmen zusammen, die auf den Abriss und die Demontage von Stahlkonstruktionen spezialisiert sind. Dadurch k\u00f6nnen wir umfassende Dienstleistungen aus einer Hand anbieten.<\/span><\/p><\/div>\n\t\t\t<\/div>\n\t\t\t<\/div><div class=\"et_d4_element et_pb_column_2_5 et_pb_column et_pb_column_13  et_pb_css_mix_blend_mode et-last-child et_block_column\">\n\t\t\t\t\n\t\t\t\t\n\t\t\t\t\n\t\t\t\t\n\t\t\t\t<div class=\"et_pb_module et_d4_element et_pb_image et_pb_image_4\">\n\t\t\t\t\n\t\t\t\t\n\t\t\t\t\n\t\t\t\t\n\t\t\t\t<span class=\"et_pb_image_wrap \"><img loading=\"lazy\" decoding=\"async\" width=\"2560\" height=\"1707\" src=\"https:\/\/almex-recycling.pl\/wp-content\/uploads\/2023\/11\/Rozbiorki-scaled.jpg\" alt=\"\" title=\"Rozbi\u00f3rki\" srcset=\"https:\/\/almex-recycling.pl\/wp-content\/uploads\/2023\/11\/Rozbiorki-scaled.jpg 2560w, https:\/\/almex-recycling.pl\/wp-content\/uploads\/2023\/11\/Rozbiorki-1280x854.jpg 1280w, https:\/\/almex-recycling.pl\/wp-content\/uploads\/2023\/11\/Rozbiorki-980x653.jpg 980w, https:\/\/almex-recycling.pl\/wp-content\/uploads\/2023\/11\/Rozbiorki-480x320.jpg 480w\" sizes=\"(min-width: 0px) and (max-width: 480px) 480px, (min-width: 481px) and (max-width: 980px) 980px, (min-width: 981px) and (max-width: 1280px) 1280px, (min-width: 1281px) 2560px, 100vw\" class=\"wp-image-1849\" \/><\/span>\n\t\t\t<\/div>\n\t\t\t<\/div>\n\t\t\t\t\n\t\t\t\t\n\t\t\t\t\n\t\t\t\t\n\t\t\t<\/div>\n\t\t\t\t\n\t\t\t\t\n\t\t\t<\/div><\/p>\n","protected":false},"excerpt":{"rendered":"","protected":false},"author":1,"featured_media":0,"parent":0,"menu_order":0,"comment_status":"closed","ping_status":"closed","template":"","meta":{"_acf_changed":false,"_et_pb_use_builder":"on","_et_pb_old_content":"","_et_gb_content_width":"","footnotes":""},"class_list":["post-1637","page","type-page","status-publish","hentry"],"acf":[],"_links":{"self":[{"href":"https:\/\/almex-recycling.pl\/de\/wp-json\/wp\/v2\/pages\/1637","targetHints":{"allow":["GET"]}}],"collection":[{"href":"https:\/\/almex-recycling.pl\/de\/wp-json\/wp\/v2\/pages"}],"about":[{"href":"https:\/\/almex-recycling.pl\/de\/wp-json\/wp\/v2\/types\/page"}],"author":[{"embeddable":true,"href":"https:\/\/almex-recycling.pl\/de\/wp-json\/wp\/v2\/users\/1"}],"replies":[{"embeddable":true,"href":"https:\/\/almex-recycling.pl\/de\/wp-json\/wp\/v2\/comments?post=1637"}],"version-history":[{"count":3,"href":"https:\/\/almex-recycling.pl\/de\/wp-json\/wp\/v2\/pages\/1637\/revisions"}],"predecessor-version":[{"id":1877,"href":"https:\/\/almex-recycling.pl\/de\/wp-json\/wp\/v2\/pages\/1637\/revisions\/1877"}],"wp:attachment":[{"href":"https:\/\/almex-recycling.pl\/de\/wp-json\/wp\/v2\/media?parent=1637"}],"curies":[{"name":"wp","href":"https:\/\/api.w.org\/{rel}","templated":true}]}}